{"id":7448,"date":"2025-02-21T17:49:46","date_gmt":"2025-02-21T16:49:46","guid":{"rendered":"https:\/\/review.jobs\/blog\/marque-employeur\/"},"modified":"2025-02-21T17:49:46","modified_gmt":"2025-02-21T16:49:46","slug":"marque-employeur","status":"publish","type":"page","link":"https:\/\/review.jobs\/blog\/fr\/marque-employeur\/","title":{"rendered":"Marque employeur"},"content":{"rendered":"","protected":false},"excerpt":{"rendered":"","protected":false},"author":13,"featured_media":0,"parent":0,"menu_order":0,"comment_status":"closed","ping_status":"closed","template":"pageblocs.php","meta":{"_acf_changed":false,"_seopress_robots_primary_cat":"","_seopress_titles_title":"Construisez une marque employeur puissante gr\u00e2ce aux avis des employ\u00e9s","_seopress_titles_desc":"Am\u00e9liorez votre image de marque employeur gr\u00e2ce \u00e0 des avis authentiques d\u2019employ\u00e9s. Am\u00e9liorez votre r\u00e9putation, attirez les meilleurs talents et renforcez la confiance gr\u00e2ce \u00e0 des informations bas\u00e9es sur les donn\u00e9es. ","_seopress_robots_index":"","footnotes":""},"class_list":["post-7448","page","type-page","status-publish","hentry"],"acf":[],"_links":{"self":[{"href":"https:\/\/review.jobs\/blog\/fr\/wp-json\/wp\/v2\/pages\/7448","targetHints":{"allow":["GET"]}}],"collection":[{"href":"https:\/\/review.jobs\/blog\/fr\/wp-json\/wp\/v2\/pages"}],"about":[{"href":"https:\/\/review.jobs\/blog\/fr\/wp-json\/wp\/v2\/types\/page"}],"author":[{"embeddable":true,"href":"https:\/\/review.jobs\/blog\/fr\/wp-json\/wp\/v2\/users\/13"}],"replies":[{"embeddable":true,"href":"https:\/\/review.jobs\/blog\/fr\/wp-json\/wp\/v2\/comments?post=7448"}],"version-history":[{"count":0,"href":"https:\/\/review.jobs\/blog\/fr\/wp-json\/wp\/v2\/pages\/7448\/revisions"}],"wp:attachment":[{"href":"https:\/\/review.jobs\/blog\/fr\/wp-json\/wp\/v2\/media?parent=7448"}],"curies":[{"name":"wp","href":"https:\/\/api.w.org\/{rel}","templated":true}]}}