{"id":7447,"date":"2025-02-27T12:09:41","date_gmt":"2025-02-27T11:09:41","guid":{"rendered":"https:\/\/review.jobs\/blog\/reputation-de-marque-employeur\/"},"modified":"2025-02-27T12:09:41","modified_gmt":"2025-02-27T11:09:41","slug":"reputation-de-marque-employeur","status":"publish","type":"page","link":"https:\/\/review.jobs\/blog\/fr\/reputation-de-marque-employeur\/","title":{"rendered":"R\u00e9putation de marque employeur"},"content":{"rendered":"","protected":false},"excerpt":{"rendered":"","protected":false},"author":13,"featured_media":0,"parent":0,"menu_order":0,"comment_status":"closed","ping_status":"closed","template":"pageblocs.php","meta":{"_acf_changed":false,"_seopress_robots_primary_cat":"","_seopress_titles_title":"Construire une solide r\u00e9putation de marque employeur","_seopress_titles_desc":"Vous avez du mal avec votre r\u00e9putation en ligne ? Review.jobs vous aide \u00e0 tirer parti des \u00e9valuations des employ\u00e9s pour b\u00e2tir une r\u00e9putation de marque employeur de confiance et attirer les meilleurs talents ","_seopress_robots_index":"","footnotes":""},"class_list":["post-7447","page","type-page","status-publish","hentry"],"acf":[],"_links":{"self":[{"href":"https:\/\/review.jobs\/blog\/fr\/wp-json\/wp\/v2\/pages\/7447","targetHints":{"allow":["GET"]}}],"collection":[{"href":"https:\/\/review.jobs\/blog\/fr\/wp-json\/wp\/v2\/pages"}],"about":[{"href":"https:\/\/review.jobs\/blog\/fr\/wp-json\/wp\/v2\/types\/page"}],"author":[{"embeddable":true,"href":"https:\/\/review.jobs\/blog\/fr\/wp-json\/wp\/v2\/users\/13"}],"replies":[{"embeddable":true,"href":"https:\/\/review.jobs\/blog\/fr\/wp-json\/wp\/v2\/comments?post=7447"}],"version-history":[{"count":0,"href":"https:\/\/review.jobs\/blog\/fr\/wp-json\/wp\/v2\/pages\/7447\/revisions"}],"wp:attachment":[{"href":"https:\/\/review.jobs\/blog\/fr\/wp-json\/wp\/v2\/media?parent=7447"}],"curies":[{"name":"wp","href":"https:\/\/api.w.org\/{rel}","templated":true}]}}