{"id":7446,"date":"2025-03-11T12:34:25","date_gmt":"2025-03-11T11:34:25","guid":{"rendered":"https:\/\/review.jobs\/blog\/ia-et-automatisation\/"},"modified":"2025-03-11T12:34:25","modified_gmt":"2025-03-11T11:34:25","slug":"ia-et-automatisation","status":"publish","type":"page","link":"https:\/\/review.jobs\/blog\/fr\/ia-et-automatisation\/","title":{"rendered":"IA et automatisation"},"content":{"rendered":"","protected":false},"excerpt":{"rendered":"","protected":false},"author":13,"featured_media":0,"parent":0,"menu_order":0,"comment_status":"closed","ping_status":"closed","template":"pageblocs.php","meta":{"_acf_changed":false,"_seopress_robots_primary_cat":"","_seopress_titles_title":"L\u2019IA dans les RH : automatiser et optimiser la gestion des avis des employ\u00e9s","_seopress_titles_desc":"Tirez parti de l\u2019IA dans les RH pour automatiser la collecte des avis des employ\u00e9s, analyser les sentiments et am\u00e9liorer l\u2019image de marque de l\u2019employeur gr\u00e2ce \u00e0 des informations et \u00e0 l\u2019automatisation bas\u00e9es sur l\u2019IA.","_seopress_robots_index":"","footnotes":""},"class_list":["post-7446","page","type-page","status-publish","hentry"],"acf":[],"_links":{"self":[{"href":"https:\/\/review.jobs\/blog\/fr\/wp-json\/wp\/v2\/pages\/7446","targetHints":{"allow":["GET"]}}],"collection":[{"href":"https:\/\/review.jobs\/blog\/fr\/wp-json\/wp\/v2\/pages"}],"about":[{"href":"https:\/\/review.jobs\/blog\/fr\/wp-json\/wp\/v2\/types\/page"}],"author":[{"embeddable":true,"href":"https:\/\/review.jobs\/blog\/fr\/wp-json\/wp\/v2\/users\/13"}],"replies":[{"embeddable":true,"href":"https:\/\/review.jobs\/blog\/fr\/wp-json\/wp\/v2\/comments?post=7446"}],"version-history":[{"count":0,"href":"https:\/\/review.jobs\/blog\/fr\/wp-json\/wp\/v2\/pages\/7446\/revisions"}],"wp:attachment":[{"href":"https:\/\/review.jobs\/blog\/fr\/wp-json\/wp\/v2\/media?parent=7446"}],"curies":[{"name":"wp","href":"https:\/\/api.w.org\/{rel}","templated":true}]}}