{"id":7445,"date":"2025-02-25T17:59:50","date_gmt":"2025-02-25T16:59:50","guid":{"rendered":"https:\/\/review.jobs\/blog\/avis-des-employes-analyses-basees-sur-lia\/"},"modified":"2025-02-25T17:59:50","modified_gmt":"2025-02-25T16:59:50","slug":"avis-des-employes-analyses-basees-sur-lia","status":"publish","type":"page","link":"https:\/\/review.jobs\/blog\/fr\/avis-des-employes-analyses-basees-sur-lia\/","title":{"rendered":"Avis des employ\u00e9s : analyses bas\u00e9es sur l\u2019IA"},"content":{"rendered":"","protected":false},"excerpt":{"rendered":"","protected":false},"author":13,"featured_media":0,"parent":0,"menu_order":0,"comment_status":"closed","ping_status":"closed","template":"pageblocs.php","meta":{"_acf_changed":false,"_seopress_robots_primary_cat":"","_seopress_titles_title":"Am\u00e9liorez la fid\u00e9lisation de vos employ\u00e9s gr\u00e2ce \u00e0 l\u2019analyse des donn\u00e9es RH | D\u00e9mo gratuite","_seopress_titles_desc":"Review.jobs fournit des analyses de donn\u00e9es RH aliment\u00e9es par l\u2019IA, une analyse des sentiments et des informations pr\u00e9dictives. Prenez des d\u00e9cisions bas\u00e9es sur les donn\u00e9es pour am\u00e9liorer votre lieu de travail. ","_seopress_robots_index":"","footnotes":""},"class_list":["post-7445","page","type-page","status-publish","hentry"],"acf":[],"_links":{"self":[{"href":"https:\/\/review.jobs\/blog\/fr\/wp-json\/wp\/v2\/pages\/7445","targetHints":{"allow":["GET"]}}],"collection":[{"href":"https:\/\/review.jobs\/blog\/fr\/wp-json\/wp\/v2\/pages"}],"about":[{"href":"https:\/\/review.jobs\/blog\/fr\/wp-json\/wp\/v2\/types\/page"}],"author":[{"embeddable":true,"href":"https:\/\/review.jobs\/blog\/fr\/wp-json\/wp\/v2\/users\/13"}],"replies":[{"embeddable":true,"href":"https:\/\/review.jobs\/blog\/fr\/wp-json\/wp\/v2\/comments?post=7445"}],"version-history":[{"count":0,"href":"https:\/\/review.jobs\/blog\/fr\/wp-json\/wp\/v2\/pages\/7445\/revisions"}],"wp:attachment":[{"href":"https:\/\/review.jobs\/blog\/fr\/wp-json\/wp\/v2\/media?parent=7445"}],"curies":[{"name":"wp","href":"https:\/\/api.w.org\/{rel}","templated":true}]}}