{"id":7444,"date":"2025-03-13T12:10:56","date_gmt":"2025-03-13T11:10:56","guid":{"rendered":"https:\/\/review.jobs\/blog\/tableau-de-bord-centralise-devaluation-des-employes\/"},"modified":"2025-03-13T12:10:56","modified_gmt":"2025-03-13T11:10:56","slug":"tableau-de-bord-centralise-devaluation-des-employes","status":"publish","type":"page","link":"https:\/\/review.jobs\/blog\/fr\/tableau-de-bord-centralise-devaluation-des-employes\/","title":{"rendered":"Tableau de bord centralis\u00e9 d\u2019\u00e9valuation des employ\u00e9s"},"content":{"rendered":"","protected":false},"excerpt":{"rendered":"","protected":false},"author":13,"featured_media":0,"parent":0,"menu_order":0,"comment_status":"closed","ping_status":"closed","template":"pageblocs.php","meta":{"_acf_changed":false,"_seopress_robots_primary_cat":"","_seopress_titles_title":"Logiciel de gestion centralis\u00e9e des avis des employ\u00e9s","_seopress_titles_desc":"Simplifiez la gestion des avis des employ\u00e9s gr\u00e2ce \u00e0 des informations aliment\u00e9es par l\u2019IA. G\u00e9rez les avis sur toutes les plateformes \u00e0 l\u2019aide de notre logiciel centralis\u00e9 de gestion des avis des employ\u00e9s. ","_seopress_robots_index":"","footnotes":""},"class_list":["post-7444","page","type-page","status-publish","hentry"],"acf":[],"_links":{"self":[{"href":"https:\/\/review.jobs\/blog\/fr\/wp-json\/wp\/v2\/pages\/7444","targetHints":{"allow":["GET"]}}],"collection":[{"href":"https:\/\/review.jobs\/blog\/fr\/wp-json\/wp\/v2\/pages"}],"about":[{"href":"https:\/\/review.jobs\/blog\/fr\/wp-json\/wp\/v2\/types\/page"}],"author":[{"embeddable":true,"href":"https:\/\/review.jobs\/blog\/fr\/wp-json\/wp\/v2\/users\/13"}],"replies":[{"embeddable":true,"href":"https:\/\/review.jobs\/blog\/fr\/wp-json\/wp\/v2\/comments?post=7444"}],"version-history":[{"count":0,"href":"https:\/\/review.jobs\/blog\/fr\/wp-json\/wp\/v2\/pages\/7444\/revisions"}],"wp:attachment":[{"href":"https:\/\/review.jobs\/blog\/fr\/wp-json\/wp\/v2\/media?parent=7444"}],"curies":[{"name":"wp","href":"https:\/\/api.w.org\/{rel}","templated":true}]}}