{"id":7443,"date":"2025-03-07T12:10:50","date_gmt":"2025-03-07T11:10:50","guid":{"rendered":"https:\/\/review.jobs\/blog\/solutions-de-marque-employeur\/"},"modified":"2025-03-07T12:10:50","modified_gmt":"2025-03-07T11:10:50","slug":"solutions-de-marque-employeur","status":"publish","type":"page","link":"https:\/\/review.jobs\/blog\/fr\/solutions-de-marque-employeur\/","title":{"rendered":"Solutions de marque employeur"},"content":{"rendered":"","protected":false},"excerpt":{"rendered":"","protected":false},"author":13,"featured_media":0,"parent":0,"menu_order":0,"comment_status":"closed","ping_status":"closed","template":"pageblocs.php","meta":{"_acf_changed":false,"_seopress_robots_primary_cat":"","_seopress_titles_title":"Solutions de marque employeur | Renforcez votre marque employeur","_seopress_titles_desc":"Am\u00e9liorez votre marque employeur gr\u00e2ce \u00e0 des solutions strat\u00e9giques de marque employeur. Collectez les avis des employ\u00e9s, g\u00e9rez la r\u00e9putation et exploitez l\u2019analyse des donn\u00e9es RH. ","_seopress_robots_index":"","footnotes":""},"class_list":["post-7443","page","type-page","status-publish","hentry"],"acf":[],"_links":{"self":[{"href":"https:\/\/review.jobs\/blog\/fr\/wp-json\/wp\/v2\/pages\/7443","targetHints":{"allow":["GET"]}}],"collection":[{"href":"https:\/\/review.jobs\/blog\/fr\/wp-json\/wp\/v2\/pages"}],"about":[{"href":"https:\/\/review.jobs\/blog\/fr\/wp-json\/wp\/v2\/types\/page"}],"author":[{"embeddable":true,"href":"https:\/\/review.jobs\/blog\/fr\/wp-json\/wp\/v2\/users\/13"}],"replies":[{"embeddable":true,"href":"https:\/\/review.jobs\/blog\/fr\/wp-json\/wp\/v2\/comments?post=7443"}],"version-history":[{"count":0,"href":"https:\/\/review.jobs\/blog\/fr\/wp-json\/wp\/v2\/pages\/7443\/revisions"}],"wp:attachment":[{"href":"https:\/\/review.jobs\/blog\/fr\/wp-json\/wp\/v2\/media?parent=7443"}],"curies":[{"name":"wp","href":"https:\/\/api.w.org\/{rel}","templated":true}]}}