{"id":7442,"date":"2025-03-03T12:37:27","date_gmt":"2025-03-03T11:37:27","guid":{"rendered":"https:\/\/review.jobs\/blog\/gestion-des-avis-des-employes\/"},"modified":"2025-03-03T12:37:27","modified_gmt":"2025-03-03T11:37:27","slug":"gestion-des-avis-des-employes","status":"publish","type":"page","link":"https:\/\/review.jobs\/blog\/fr\/gestion-des-avis-des-employes\/","title":{"rendered":"Gestion des avis des employ\u00e9s"},"content":{"rendered":"","protected":false},"excerpt":{"rendered":"","protected":false},"author":13,"featured_media":0,"parent":0,"menu_order":0,"comment_status":"closed","ping_status":"closed","template":"pageblocs.php","meta":{"_acf_changed":false,"_seopress_robots_primary_cat":"","_seopress_titles_title":"Plateforme de gestion des avis collaborateurs pour votre marque employeur","_seopress_titles_desc":"Prenez le contr\u00f4le de votre r\u00e9putation en ligne avec Review.jobs. Notre logiciel de gestion des avis des employ\u00e9s simplifie la collecte, l\u2019analyse et la r\u00e9ponse aux commentaires. ","_seopress_robots_index":"","footnotes":""},"class_list":["post-7442","page","type-page","status-publish","hentry"],"acf":[],"_links":{"self":[{"href":"https:\/\/review.jobs\/blog\/fr\/wp-json\/wp\/v2\/pages\/7442","targetHints":{"allow":["GET"]}}],"collection":[{"href":"https:\/\/review.jobs\/blog\/fr\/wp-json\/wp\/v2\/pages"}],"about":[{"href":"https:\/\/review.jobs\/blog\/fr\/wp-json\/wp\/v2\/types\/page"}],"author":[{"embeddable":true,"href":"https:\/\/review.jobs\/blog\/fr\/wp-json\/wp\/v2\/users\/13"}],"replies":[{"embeddable":true,"href":"https:\/\/review.jobs\/blog\/fr\/wp-json\/wp\/v2\/comments?post=7442"}],"version-history":[{"count":0,"href":"https:\/\/review.jobs\/blog\/fr\/wp-json\/wp\/v2\/pages\/7442\/revisions"}],"wp:attachment":[{"href":"https:\/\/review.jobs\/blog\/fr\/wp-json\/wp\/v2\/media?parent=7442"}],"curies":[{"name":"wp","href":"https:\/\/api.w.org\/{rel}","templated":true}]}}