{"id":7441,"date":"2025-03-25T12:56:17","date_gmt":"2025-03-25T11:56:17","guid":{"rendered":"https:\/\/review.jobs\/blog\/comment-ca-marche\/"},"modified":"2025-03-25T12:56:17","modified_gmt":"2025-03-25T11:56:17","slug":"comment-ca-marche","status":"publish","type":"page","link":"https:\/\/review.jobs\/blog\/fr\/comment-ca-marche\/","title":{"rendered":"Comment \u00e7a marche"},"content":{"rendered":"","protected":false},"excerpt":{"rendered":"","protected":false},"author":13,"featured_media":0,"parent":0,"menu_order":0,"comment_status":"closed","ping_status":"closed","template":"pageblocs.php","meta":{"_acf_changed":false,"_seopress_robots_primary_cat":"","_seopress_titles_title":"Comment \u00e7a marche \u2013 Le processus de marque employeur","_seopress_titles_desc":"D\u00e9couvrez comment construire une r\u00e9putation d\u2019employeur de confiance \u00e9tape par \u00e9tape. Collectez, g\u00e9rez et analysez les avis des employ\u00e9s pour am\u00e9liorer votre image de marque employeur. ","_seopress_robots_index":"","footnotes":""},"class_list":["post-7441","page","type-page","status-publish","hentry"],"acf":[],"_links":{"self":[{"href":"https:\/\/review.jobs\/blog\/fr\/wp-json\/wp\/v2\/pages\/7441","targetHints":{"allow":["GET"]}}],"collection":[{"href":"https:\/\/review.jobs\/blog\/fr\/wp-json\/wp\/v2\/pages"}],"about":[{"href":"https:\/\/review.jobs\/blog\/fr\/wp-json\/wp\/v2\/types\/page"}],"author":[{"embeddable":true,"href":"https:\/\/review.jobs\/blog\/fr\/wp-json\/wp\/v2\/users\/13"}],"replies":[{"embeddable":true,"href":"https:\/\/review.jobs\/blog\/fr\/wp-json\/wp\/v2\/comments?post=7441"}],"version-history":[{"count":0,"href":"https:\/\/review.jobs\/blog\/fr\/wp-json\/wp\/v2\/pages\/7441\/revisions"}],"wp:attachment":[{"href":"https:\/\/review.jobs\/blog\/fr\/wp-json\/wp\/v2\/media?parent=7441"}],"curies":[{"name":"wp","href":"https:\/\/api.w.org\/{rel}","templated":true}]}}