{"id":3684,"date":"2024-06-26T17:47:54","date_gmt":"2024-06-26T15:47:54","guid":{"rendered":"https:\/\/review.jobs\/blog\/success-rdv\/"},"modified":"2025-04-24T17:33:41","modified_gmt":"2025-04-24T15:33:41","slug":"success-rdv","status":"publish","type":"page","link":"https:\/\/review.jobs\/blog\/fr\/success-rdv\/","title":{"rendered":"Success RDV"},"content":{"rendered":"\n<h2 class=\"wp-block-heading\">Nous avons bien re\u00e7u votre demande<\/h2>\n\n\n\n<p>Nous sommes ravis de recevoir votre demande de d\u00e9mo et impatients de d\u00e9couvrir vos besoins afin de vous aider \u00e0 am\u00e9liorer votre marque employeur. <strong>Un membre de notre \u00e9quipe vous contactera bient\u00f4t<\/strong> pour planifier une d\u00e9mo personnalis\u00e9e et r\u00e9pondre \u00e0 toutes vos questions.<\/p>\n\n\n\n<p>En attendant, explorez notre <a href=\"https:\/\/review.jobs\/blog\/fr\/\" data-type=\"link\" data-id=\"https:\/\/review.jobs\/blog\/fr\/\">blog<\/a> pour obtenir des conseils pr\u00e9cieux et des meilleures pratiques pour renforcer votre marque employeur et attirer les meilleurs talents.<\/p>\n\n\n\n<p>Chez <strong><a href=\"https:\/\/review.jobs\/fr\" data-type=\"link\" data-id=\"https:\/\/review.jobs\/fr\/\">Review.jobs<\/a><\/strong>, notre mission est d\u2019aider les entreprises \u00e0 am\u00e9liorer leur r\u00e9putation en ligne et leur marque employeur gr\u00e2ce \u00e0 des avis authentiques et des insights exploitables. Nous permettons aux \u00e9quipes RH de g\u00e9rer efficacement leur pr\u00e9sence en ligne, de mettre en valeur leur culture d\u2019entreprise et de renforcer la confiance des employ\u00e9s potentiels et actuels.<\/p>\n","protected":false},"excerpt":{"rendered":"<p>Nous avons bien re\u00e7u votre demande Nous sommes ravis de recevoir votre demande de d\u00e9mo et impatients de d\u00e9couvrir vos besoins afin de vous aider \u00e0 am\u00e9liorer votre marque employeur. Un membre de notre \u00e9quipe vous contactera bient\u00f4t pour planifier une d\u00e9mo personnalis\u00e9e et r\u00e9pondre \u00e0 toutes vos questions. En attendant, explorez notre blog pour [&hellip;]<\/p>\n","protected":false},"author":6,"featured_media":0,"parent":0,"menu_order":0,"comment_status":"closed","ping_status":"closed","template":"pagethanks.php","meta":{"_acf_changed":false,"_seopress_robots_primary_cat":"","_seopress_titles_title":"","_seopress_titles_desc":"","_seopress_robots_index":"","footnotes":""},"class_list":["post-3684","page","type-page","status-publish","hentry"],"acf":[],"_links":{"self":[{"href":"https:\/\/review.jobs\/blog\/fr\/wp-json\/wp\/v2\/pages\/3684","targetHints":{"allow":["GET"]}}],"collection":[{"href":"https:\/\/review.jobs\/blog\/fr\/wp-json\/wp\/v2\/pages"}],"about":[{"href":"https:\/\/review.jobs\/blog\/fr\/wp-json\/wp\/v2\/types\/page"}],"author":[{"embeddable":true,"href":"https:\/\/review.jobs\/blog\/fr\/wp-json\/wp\/v2\/users\/6"}],"replies":[{"embeddable":true,"href":"https:\/\/review.jobs\/blog\/fr\/wp-json\/wp\/v2\/comments?post=3684"}],"version-history":[{"count":2,"href":"https:\/\/review.jobs\/blog\/fr\/wp-json\/wp\/v2\/pages\/3684\/revisions"}],"predecessor-version":[{"id":3782,"href":"https:\/\/review.jobs\/blog\/fr\/wp-json\/wp\/v2\/pages\/3684\/revisions\/3782"}],"wp:attachment":[{"href":"https:\/\/review.jobs\/blog\/fr\/wp-json\/wp\/v2\/media?parent=3684"}],"curies":[{"name":"wp","href":"https:\/\/api.w.org\/{rel}","templated":true}]}}