{"id":3631,"date":"2024-06-01T03:42:43","date_gmt":"2024-06-01T01:42:43","guid":{"rendered":"https:\/\/review.jobs\/blog\/analyze\/"},"modified":"2025-01-31T16:32:06","modified_gmt":"2025-01-31T15:32:06","slug":"analyser","status":"publish","type":"page","link":"https:\/\/review.jobs\/blog\/fr\/analyser\/","title":{"rendered":"Analyser les Avis"},"content":{"rendered":"","protected":false},"excerpt":{"rendered":"","protected":false},"author":6,"featured_media":0,"parent":0,"menu_order":0,"comment_status":"closed","ping_status":"closed","template":"pageblocs.php","meta":{"_acf_changed":false,"_seopress_robots_primary_cat":"","_seopress_titles_title":"Le potentiel des analyses avanc\u00e9es des avis employ\u00e9s","_seopress_titles_desc":"Analysez les avis des employ\u00e9s et prenez des d\u00e9cisions \u00e9clair\u00e9es pour am\u00e9liorer l'engagement de vos collaborateurs avec Review.jobs.","_seopress_robots_index":"","footnotes":""},"class_list":["post-3631","page","type-page","status-publish","hentry"],"acf":[],"_links":{"self":[{"href":"https:\/\/review.jobs\/blog\/fr\/wp-json\/wp\/v2\/pages\/3631","targetHints":{"allow":["GET"]}}],"collection":[{"href":"https:\/\/review.jobs\/blog\/fr\/wp-json\/wp\/v2\/pages"}],"about":[{"href":"https:\/\/review.jobs\/blog\/fr\/wp-json\/wp\/v2\/types\/page"}],"author":[{"embeddable":true,"href":"https:\/\/review.jobs\/blog\/fr\/wp-json\/wp\/v2\/users\/6"}],"replies":[{"embeddable":true,"href":"https:\/\/review.jobs\/blog\/fr\/wp-json\/wp\/v2\/comments?post=3631"}],"version-history":[{"count":4,"href":"https:\/\/review.jobs\/blog\/fr\/wp-json\/wp\/v2\/pages\/3631\/revisions"}],"predecessor-version":[{"id":6095,"href":"https:\/\/review.jobs\/blog\/fr\/wp-json\/wp\/v2\/pages\/3631\/revisions\/6095"}],"wp:attachment":[{"href":"https:\/\/review.jobs\/blog\/fr\/wp-json\/wp\/v2\/media?parent=3631"}],"curies":[{"name":"wp","href":"https:\/\/api.w.org\/{rel}","templated":true}]}}