{"id":3621,"date":"2024-06-01T03:06:44","date_gmt":"2024-06-01T01:06:44","guid":{"rendered":"https:\/\/review.jobs\/blog\/manage\/"},"modified":"2025-01-31T16:47:36","modified_gmt":"2025-01-31T15:47:36","slug":"gerer","status":"publish","type":"page","link":"https:\/\/review.jobs\/blog\/fr\/gerer\/","title":{"rendered":"G\u00e9rer les Avis"},"content":{"rendered":"","protected":false},"excerpt":{"rendered":"","protected":false},"author":6,"featured_media":0,"parent":0,"menu_order":0,"comment_status":"closed","ping_status":"closed","template":"pageblocs.php","meta":{"_acf_changed":false,"_seopress_robots_primary_cat":"","_seopress_titles_title":"Centralisez et Automatisez la Gestion des Avis Employ\u00e9s","_seopress_titles_desc":"G\u00e9rez les avis des employ\u00e9s avec des outils performants sur Review.jobs pour am\u00e9liorer la satisfaction et la performance.","_seopress_robots_index":"","footnotes":""},"class_list":["post-3621","page","type-page","status-publish","hentry"],"acf":[],"_links":{"self":[{"href":"https:\/\/review.jobs\/blog\/fr\/wp-json\/wp\/v2\/pages\/3621","targetHints":{"allow":["GET"]}}],"collection":[{"href":"https:\/\/review.jobs\/blog\/fr\/wp-json\/wp\/v2\/pages"}],"about":[{"href":"https:\/\/review.jobs\/blog\/fr\/wp-json\/wp\/v2\/types\/page"}],"author":[{"embeddable":true,"href":"https:\/\/review.jobs\/blog\/fr\/wp-json\/wp\/v2\/users\/6"}],"replies":[{"embeddable":true,"href":"https:\/\/review.jobs\/blog\/fr\/wp-json\/wp\/v2\/comments?post=3621"}],"version-history":[{"count":4,"href":"https:\/\/review.jobs\/blog\/fr\/wp-json\/wp\/v2\/pages\/3621\/revisions"}],"predecessor-version":[{"id":6106,"href":"https:\/\/review.jobs\/blog\/fr\/wp-json\/wp\/v2\/pages\/3621\/revisions\/6106"}],"wp:attachment":[{"href":"https:\/\/review.jobs\/blog\/fr\/wp-json\/wp\/v2\/media?parent=3621"}],"curies":[{"name":"wp","href":"https:\/\/api.w.org\/{rel}","templated":true}]}}