{"id":3617,"date":"2024-06-01T02:00:18","date_gmt":"2024-06-01T00:00:18","guid":{"rendered":"https:\/\/review.jobs\/blog\/collect\/"},"modified":"2026-01-09T11:30:02","modified_gmt":"2026-01-09T10:30:02","slug":"collecter","status":"publish","type":"page","link":"https:\/\/review.jobs\/blog\/fr\/collecter\/","title":{"rendered":"Collecter les avis"},"content":{"rendered":"","protected":false},"excerpt":{"rendered":"","protected":false},"author":6,"featured_media":0,"parent":0,"menu_order":0,"comment_status":"closed","ping_status":"closed","template":"pageblocs.php","meta":{"_acf_changed":false,"_seopress_robots_primary_cat":"","_seopress_titles_title":"Collecter des Avis Salari\u00e9s : Cl\u00e9s pour Am\u00e9liorer la Culture","_seopress_titles_desc":"Collectez des avis d'employ\u00e9s authentiques et am\u00e9liorez votre marque employeur sur Review.jobs.","_seopress_robots_index":"","footnotes":""},"class_list":["post-3617","page","type-page","status-publish","hentry"],"acf":[],"_links":{"self":[{"href":"https:\/\/review.jobs\/blog\/fr\/wp-json\/wp\/v2\/pages\/3617","targetHints":{"allow":["GET"]}}],"collection":[{"href":"https:\/\/review.jobs\/blog\/fr\/wp-json\/wp\/v2\/pages"}],"about":[{"href":"https:\/\/review.jobs\/blog\/fr\/wp-json\/wp\/v2\/types\/page"}],"author":[{"embeddable":true,"href":"https:\/\/review.jobs\/blog\/fr\/wp-json\/wp\/v2\/users\/6"}],"replies":[{"embeddable":true,"href":"https:\/\/review.jobs\/blog\/fr\/wp-json\/wp\/v2\/comments?post=3617"}],"version-history":[{"count":9,"href":"https:\/\/review.jobs\/blog\/fr\/wp-json\/wp\/v2\/pages\/3617\/revisions"}],"predecessor-version":[{"id":7632,"href":"https:\/\/review.jobs\/blog\/fr\/wp-json\/wp\/v2\/pages\/3617\/revisions\/7632"}],"wp:attachment":[{"href":"https:\/\/review.jobs\/blog\/fr\/wp-json\/wp\/v2\/media?parent=3617"}],"curies":[{"name":"wp","href":"https:\/\/api.w.org\/{rel}","templated":true}]}}